{"id":2,"date":"2024-04-05T07:39:57","date_gmt":"2024-04-05T07:39:57","guid":{"rendered":"https:\/\/www.muszelkabobolin.com.pl\/?page_id=2"},"modified":"2024-04-09T05:27:56","modified_gmt":"2024-04-09T05:27:56","slug":"about","status":"publish","type":"page","link":"https:\/\/www.muszelkabobolin.com.pl\/","title":{"rendered":"O Nas"},"content":{"rendered":"\n<p class=\"has-text-align-center\">Witajcie w naszym pensjonacie &#8222;Muszelka&#8221; nad morzem, po\u0142o\u017conym w urokliwej miejscowo\u015bci Bobolin!<\/p>\n\n\n\n<p class=\"has-text-align-center\">Z dum\u0105 prezentujemy nasz przytulny pensjonat, idealne miejsce na magiczne wakacje nad Ba\u0142tykiem. Po\u0142o\u017cony w malowniczej miejscowo\u015bci Bobolin, pensjonat &#8222;Muszelka&#8221; oferuje komfortowe apartamenty, kt\u00f3re zapewni\u0105 Wam niezapomniany pobyt nad morzem.<\/p>\n\n\n\n<p class=\"has-text-align-center\">Nasze apartamenty &#8222;Muszelka&#8221; zosta\u0142y starannie zaprojektowane, aby zapewni\u0107 Wam pe\u0142en komfort i relaks podczas urlopu. Ka\u017cdy apartament wyposa\u017cony jest w nowoczesne udogodnienia, aby\u015bcie mogli poczu\u0107 si\u0119 jak w domu z dala od domu. Z balkon\u00f3w apartament\u00f3w mo\u017cecie podziwia\u0107 zachody s\u0142o\u0144ca nad Ba\u0142tykiem, a rano obudzi\u0107 si\u0119 przy d\u017awi\u0119kach fal.<\/p>\n\n\n\n<p class=\"has-text-align-center\">Oferujemy r\u00f3\u017cnorodne opcje zakwaterowania w pensjonacie &#8222;Muszelka&#8221;, kt\u00f3re spe\u0142ni\u0105 oczekiwania ka\u017cdego go\u015bcia. Bez wzgl\u0119du na to, czy szukacie romantycznego weekendu we dwoje, rodzinnych wakacji nad morzem czy relaksuj\u0105cego pobytu z przyjaci\u00f3\u0142mi, mamy apartament dla Ciebie.<\/p>\n\n\n\n<p class=\"has-text-align-center\">Poza komfortowym zakwaterowaniem, nasi go\u015bcie mog\u0105 korzysta\u0107 z wielu udogodnie\u0144 w pensjonacie &#8222;Muszelka&#8221;, w tym dost\u0119pu do bezp\u0142atnego Wi-Fi, prywatnego parkingu, placu zabaw dla dzieci oraz terenu grillowego, gdzie mo\u017cna przygotowa\u0107 pyszne posi\u0142ki na \u015bwie\u017cym powietrzu.<\/p>\n\n\n\n<p class=\"has-text-align-center\">Bobolin to idealne miejsce dla mi\u0142o\u015bnik\u00f3w natury i aktywnego wypoczynku. W okolicy znajduj\u0105 si\u0119 pi\u0119kne pla\u017ce, malownicze szlaki rowerowe oraz liczne atrakcje turystyczne, kt\u00f3re warto zwiedzi\u0107 podczas pobytu w pensjonacie &#8222;Muszelka&#8221;.<\/p>\n\n\n\n<p class=\"has-text-align-center\">Zapraszamy do pensjonatu &#8222;Muszelka&#8221; nad morzem w Bobolinie! Jeste\u015bmy pewni, \u017ce sp\u0119dzicie u nas niezapomniane chwile i z pewno\u015bci\u0105 b\u0119dziecie wraca\u0107 tu jeszcze niejednokrotnie<\/p>\n","protected":false},"excerpt":{"rendered":"<p>Witajcie w naszym pensjonacie &#8222;Muszelka&#8221; nad morzem, po\u0142o\u017conym w urokliwej miejscowo\u015bci Bobolin! Z dum\u0105 prezentujemy nasz przytulny pensjonat, idealne miejsce na magiczne wakacje nad Ba\u0142tykiem. Po\u0142o\u017cony w malowniczej miejscowo\u015bci Bobolin, pensjonat &#8222;Muszelka&#8221; oferuje komfortowe apartamenty, kt\u00f3re zapewni\u0105 Wam niezapomniany pobyt nad morzem. Nasze apartamenty &#8222;Muszelka&#8221; zosta\u0142y starannie zaprojektowane, aby zapewni\u0107 Wam pe\u0142en komfort i relaks podczas urlopu. Ka\u017cdy apartament wyposa\u017cony jest w nowoczesne udogodnienia, aby\u015bcie mogli poczu\u0107 si\u0119 jak w domu z dala od domu. Z balkon\u00f3w apartament\u00f3w mo\u017cecie podziwia\u0107 zachody s\u0142o\u0144ca nad Ba\u0142tykiem, a rano obudzi\u0107 si\u0119 przy d\u017awi\u0119kach fal. Oferujemy r\u00f3\u017cnorodne opcje zakwaterowania w pensjonacie &#8222;Muszelka&#8221;, kt\u00f3re spe\u0142ni\u0105 oczekiwania ka\u017cdego go\u015bcia. Bez wzgl\u0119du na to, czy szukacie romantycznego weekendu we dwoje, rodzinnych wakacji nad morzem czy relaksuj\u0105cego pobytu z przyjaci\u00f3\u0142mi, mamy apartament dla Ciebie. Poza komfortowym zakwaterowaniem, nasi go\u015bcie mog\u0105 korzysta\u0107 z wielu udogodnie\u0144 w pensjonacie &#8222;Muszelka&#8221;, w tym dost\u0119pu do bezp\u0142atnego Wi-Fi, prywatnego parkingu, placu zabaw dla dzieci oraz terenu grillowego, gdzie mo\u017cna przygotowa\u0107 pyszne posi\u0142ki na \u015bwie\u017cym powietrzu. Bobolin to idealne miejsce dla mi\u0142o\u015bnik\u00f3w natury i aktywnego wypoczynku. W okolicy znajduj\u0105 si\u0119 pi\u0119kne pla\u017ce, malownicze szlaki rowerowe oraz liczne atrakcje turystyczne, kt\u00f3re warto zwiedzi\u0107 podczas pobytu w pensjonacie &#8222;Muszelka&#8221;. Zapraszamy do pensjonatu &#8222;Muszelka&#8221; nad morzem w Bobolinie! Jeste\u015bmy pewni, \u017ce sp\u0119dzicie u nas niezapomniane chwile i z pewno\u015bci\u0105 b\u0119dziecie wraca\u0107 tu jeszcze niejednokrotnie<\/p>\n","protected":false},"author":1,"featured_media":0,"parent":0,"menu_order":0,"comment_status":"closed","ping_status":"open","template":"","meta":{"footnotes":""},"_links":{"self":[{"href":"https:\/\/www.muszelkabobolin.com.pl\/index.php?rest_route=\/wp\/v2\/pages\/2"}],"collection":[{"href":"https:\/\/www.muszelkabobolin.com.pl\/index.php?rest_route=\/wp\/v2\/pages"}],"about":[{"href":"https:\/\/www.muszelkabobolin.com.pl\/index.php?rest_route=\/wp\/v2\/types\/page"}],"author":[{"embeddable":true,"href":"https:\/\/www.muszelkabobolin.com.pl\/index.php?rest_route=\/wp\/v2\/users\/1"}],"replies":[{"embeddable":true,"href":"https:\/\/www.muszelkabobolin.com.pl\/index.php?rest_route=%2Fwp%2Fv2%2Fcomments&post=2"}],"version-history":[{"count":2,"href":"https:\/\/www.muszelkabobolin.com.pl\/index.php?rest_route=\/wp\/v2\/pages\/2\/revisions"}],"predecessor-version":[{"id":41,"href":"https:\/\/www.muszelkabobolin.com.pl\/index.php?rest_route=\/wp\/v2\/pages\/2\/revisions\/41"}],"wp:attachment":[{"href":"https:\/\/www.muszelkabobolin.com.pl\/index.php?rest_route=%2Fwp%2Fv2%2Fmedia&parent=2"}],"curies":[{"name":"wp","href":"https:\/\/api.w.org\/{rel}","templated":true}]}}